{"id":300,"date":"2019-03-06T23:51:50","date_gmt":"2019-03-06T16:51:50","guid":{"rendered":"http:\/\/nutrilife.com.vn\/?page_id=300"},"modified":"2023-11-16T15:45:24","modified_gmt":"2023-11-16T08:45:24","slug":"lien-he","status":"publish","type":"page","link":"http:\/\/nutrilife.com.vn\/index.php\/lien-he\/","title":{"rendered":"Li\u00ean H\u1ec7"},"content":{"rendered":"\n<p class=\"has-text-align-left\"> <br>NH\u1eacP KH\u1ea8U &amp; PH\u00c2N PH\u1ed0I <br><br><strong>C\u00f4ng Ty TNHH Ngu\u1ed3n S\u1ed1ng Thi\u00ean Nhi\u00ean<\/strong><br><br>V\u0103n ph\u00f2ng : 70 V\u0129nh H\u1ed9i, Ph\u01b0\u1eddng 4, Qu\u1eadn 4, Th\u00e0nh ph\u1ed1 H\u1ed3 Ch\u00ed Minh<br><br>\u0110i\u1ec7n tho\u1ea1i : 028 3636 7300<br><br>M\u00e3 s\u1ed1 thu\u1ebf : 0314723786<\/p>\n\n\n\n<div class=\"wpcf7 no-js\" id=\"wpcf7-f338-o1\" lang=\"vi\" dir=\"ltr\">\n<div class=\"screen-reader-response\"><p role=\"status\" aria-live=\"polite\" aria-atomic=\"true\"><\/p> <ul><\/ul><\/div>\n<form action=\"\/index.php\/wp-json\/wp\/v2\/pages\/300#wpcf7-f338-o1\" method=\"post\" class=\"wpcf7-form init\" aria-label=\"Form li\u00ean h\u1ec7\" novalidate=\"novalidate\" data-status=\"init\">\n<div style=\"display: none;\">\n<input type=\"hidden\" name=\"_wpcf7\" value=\"338\" \/>\n<input type=\"hidden\" name=\"_wpcf7_version\" value=\"5.8.7\" \/>\n<input type=\"hidden\" name=\"_wpcf7_locale\" value=\"vi\" \/>\n<input type=\"hidden\" name=\"_wpcf7_unit_tag\" value=\"wpcf7-f338-o1\" \/>\n<input type=\"hidden\" name=\"_wpcf7_container_post\" value=\"0\" \/>\n<input type=\"hidden\" name=\"_wpcf7_posted_data_hash\" value=\"\" \/>\n<\/div>\n<p><label> T\u00ean c\u1ee7a b\u1ea1n (b\u1eaft bu\u1ed9c)<br \/>\n<span class=\"wpcf7-form-control-wrap\" data-name=\"your-name\"><input size=\"40\" class=\"wpcf7-form-control wpcf7-text wpcf7-validates-as-required\" aria-required=\"true\" aria-invalid=\"false\" value=\"\" type=\"text\" name=\"your-name\" \/><\/span> <\/label>\n<\/p>\n<p><label> \u0110\u1ecba ch\u1ec9 Email (b\u1eaft bu\u1ed9c)<br \/>\n<span class=\"wpcf7-form-control-wrap\" data-name=\"your-email\"><input size=\"40\" class=\"wpcf7-form-control wpcf7-email wpcf7-validates-as-required wpcf7-text wpcf7-validates-as-email\" aria-required=\"true\" aria-invalid=\"false\" value=\"\" type=\"email\" name=\"your-email\" \/><\/span> <\/label>\n<\/p>\n<p><label> Ti\u00eau \u0111\u1ec1:<br \/>\n<span class=\"wpcf7-form-control-wrap\" data-name=\"your-subject\"><input size=\"40\" class=\"wpcf7-form-control wpcf7-text\" aria-invalid=\"false\" value=\"\" type=\"text\" name=\"your-subject\" \/><\/span> <\/label>\n<\/p>\n<p><label> Th\u00f4ng \u0111i\u1ec7p<br \/>\n<span class=\"wpcf7-form-control-wrap\" data-name=\"your-message\"><textarea cols=\"40\" rows=\"10\" class=\"wpcf7-form-control wpcf7-textarea\" aria-invalid=\"false\" name=\"your-message\"><\/textarea><\/span> <\/label>\n<\/p>\n<p><input class=\"wpcf7-form-control wpcf7-submit has-spinner\" type=\"submit\" value=\"G\u1eedi \u0111i\" \/>\n<\/p><div class=\"wpcf7-response-output\" aria-hidden=\"true\"><\/div>\n<\/form>\n<\/div>\n\n","protected":false},"excerpt":{"rendered":"<p>NH\u1eacP KH\u1ea8U &amp; PH\u00c2N PH\u1ed0I C\u00f4ng Ty TNHH Ngu\u1ed3n S\u1ed1ng Thi\u00ean Nhi\u00ean V\u0103n ph\u00f2ng : 70 V\u0129nh H\u1ed9i, Ph\u01b0\u1eddng 4, Qu\u1eadn 4, Th\u00e0nh ph\u1ed1 H\u1ed3 Ch\u00ed Minh \u0110i\u1ec7n tho\u1ea1i : 028 3636 7300 M\u00e3 s\u1ed1 thu\u1ebf : 0314723786<\/p>\n","protected":false},"author":1,"featured_media":0,"parent":0,"menu_order":0,"comment_status":"closed","ping_status":"closed","template":"","meta":[],"_links":{"self":[{"href":"http:\/\/nutrilife.com.vn\/index.php\/wp-json\/wp\/v2\/pages\/300"}],"collection":[{"href":"http:\/\/nutrilife.com.vn\/index.php\/wp-json\/wp\/v2\/pages"}],"about":[{"href":"http:\/\/nutrilife.com.vn\/index.php\/wp-json\/wp\/v2\/types\/page"}],"author":[{"embeddable":true,"href":"http:\/\/nutrilife.com.vn\/index.php\/wp-json\/wp\/v2\/users\/1"}],"replies":[{"embeddable":true,"href":"http:\/\/nutrilife.com.vn\/index.php\/wp-json\/wp\/v2\/comments?post=300"}],"version-history":[{"count":4,"href":"http:\/\/nutrilife.com.vn\/index.php\/wp-json\/wp\/v2\/pages\/300\/revisions"}],"predecessor-version":[{"id":508,"href":"http:\/\/nutrilife.com.vn\/index.php\/wp-json\/wp\/v2\/pages\/300\/revisions\/508"}],"wp:attachment":[{"href":"http:\/\/nutrilife.com.vn\/index.php\/wp-json\/wp\/v2\/media?parent=300"}],"curies":[{"name":"wp","href":"https:\/\/api.w.org\/{rel}","templated":true}]}}