{"id":133,"date":"2019-02-28T00:38:19","date_gmt":"2019-02-27T17:38:19","guid":{"rendered":"http:\/\/nutrilife.com.vn\/?post_type=product&#038;p=133"},"modified":"2023-11-16T17:12:20","modified_gmt":"2023-11-16T10:12:20","slug":"sua-bo-non-vien-nhai","status":"publish","type":"product","link":"http:\/\/nutrilife.com.vn\/index.php\/san-pham\/sua-bo-non-vien-nhai\/","title":{"rendered":"S\u1eefa b\u00f2 non vi\u00ean nhai"},"content":{"rendered":"<p>S\u1eefa non l\u00e0 d\u1ecbch l\u1ecfng tr\u01b0\u1edbc khi th\u00e0nh s\u1eefa \u0111\u01b0\u1ee3c t\u1ea1o ra t\u1eeb tuy\u1ebfn v\u00fa c\u1ee7a b\u00f2 s\u1eefa trong v\u00f2ng 48h \u0111\u1ea7u ti\u00ean sau khi sinh. N\u00f3 cung c\u1ea5p c\u00e1c y\u1ebfu t\u1ed1 mi\u1ec5n d\u1ecbch h\u1ed7 tr\u1ee3 s\u1ef1 s\u1ed1ng v\u00e0 t\u0103ng tr\u01b0\u1edfng \u0111\u1ea3m b\u1ea3o s\u1ee9c kh\u1ecfe v\u00e0 sinh l\u1ef1c c\u1ee7a tr\u1ebb s\u01a1 sinh. Vi\u00ean n\u00e9n s\u1eefa non Natural Life&#x2122; c\u00f3 c\u00f4ng th\u1ee9c s\u1eed d\u1ee5ng b\u1ed9t s\u1eefa b\u00f2 100% thanh tr\u00f9ng ch\u1ee9a c\u00e1c kh\u00e1ng th\u1ec3 n\u1ed3ng \u0111\u1ed9 cao c\u00f3 t\u00ean g\u1ecdi Immunoglobulin ( 45lgG). Nh\u1eefng kh\u00e1ng th\u1ec3 n\u00e0y gi\u00fap t\u0103ng c\u01b0\u1eddng h\u1ec7 mi\u1ec5n d\u1ecbch \u0111\u1ec3 b\u1ea3o v\u1ec7 tr\u1ebb s\u01a1 sinh ch\u1ed1ng l\u1ea1i b\u1ec7nh t\u1eadt, \u0111\u1ed3ng th\u1eddi c\u00f3 \u00edt ch\u1ea5t b\u00e9o h\u01a1n, nhi\u1ec1u ch\u1ea5t \u0111\u1ea1m h\u01a1n s\u1eefa b\u00f2 b\u00ecnh th\u01b0\u1eddng.<\/p>\n<hr \/>\n<p><strong>L\u1ee3i \u00edch c\u1ee7a vi\u00ean n\u00e9n s\u1eefa b\u00f2 non<\/strong><\/p>\n<ul>\n<li>Colostrum ch\u1ee9a h\u01a1n 20 kh\u00e1ng th\u1ec3 \u0111\u1ed1i v\u1edbi c\u00e1c t\u00e1c nh\u00e2n g\u00e2y b\u1ec7nh c\u1ee5 th\u1ec3 bao g\u1ed3m E.coli, salmonella, rotavirus, candida, li\u00ean c\u1ea7u, t\u1ee5 c\u1ea7u, H pylori v\u00e0 cryptosporidia<\/li>\n<li><span class=\"\">C\u00e1c y\u1ebfu t\u1ed1 t\u0103ng tr\u01b0\u1edfng trong s\u1eefa non c\u00f3 th\u1ec3 gi\u00fap x\u00e2y d\u1ef1ng v\u00e0 ph\u1ee5c h\u1ed3i x\u01b0\u01a1ng, c\u01a1, d\u00e2y th\u1ea7n kinh v\u00e0 m\u00f4 li\u00ean k\u1ebft, da v\u00e0 s\u1ee5n<\/span><\/li>\n<li><span class=\"\">Nh\u1eefng y\u1ebfu t\u1ed1 t\u0103ng tr\u01b0\u1edfng t\u01b0\u01a1ng t\u1ef1 gi\u00fap t\u0103ng c\u01a1 n\u1ea1c v\u00e0 gi\u00fap c\u01a1 th\u1ec3 \u0111\u1ed1t ch\u00e1y ch\u1ea5t b\u00e9o cho nhi\u00ean li\u1ec7u<\/span><\/li>\n<\/ul>\n<hr \/>\n<p><strong>Cam k\u1ebft v\u1ec1 ch\u1ea5t l\u01b0\u1ee3ng :\u00a0<\/strong><\/p>\n<ul>\n<li>\u0110\u01b0\u1ee3c l\u00e0m t\u1eeb s\u1eefa non t\u1ef1 nhi\u00ean, ho\u00e0n to\u00e0n ti\u1ec7t tr\u00f9ng<\/li>\n<li>Ch\u1ee9ng nh\u1eadn GMP<\/li>\n<li>Non \u2013 GMO<\/li>\n<li>Kh\u00f4ng h\u01b0\u01a1ng v\u1ecb nh\u00e2n t\u1ea1o<\/li>\n<li>Kh\u00f4ng ch\u1ea5t b\u1ea3o qu\u1ea3n<\/li>\n<li>Non \u2013 BSE<\/li>\n<li>Kh\u00f4ng chi\u1ebft xu\u1ea5t t\u1eeb mu\u1ed1i l\u00faa m\u00ec, ng\u00f4, men v\u00e0 gluten<\/li>\n<\/ul>\n","protected":false},"excerpt":{"rendered":"<ul>\n<li>B\u1ea3o v\u1ec1 c\u01a1 th\u1ec3 tr\u01b0\u1edbc s\u1ef1 t\u1ea5n c\u00f4ng c\u1ee7a nhi\u1ec1u lo\u1ea1i virus v\u00e0 vi khu\u1ea9n<\/li>\n<li>T\u0103ng c\u01b0\u1eddng trao \u0111\u1ed5i ch\u1ea5t v\u00e0 th\u00fac \u0111\u1ea9y h\u1ec7 mi\u1ec5n d\u1ecbch ho\u1ea1t \u0111\u1ed9ng<\/li>\n<li>C\u00e1c y\u1ebfu t\u1ed1 t\u0103ng tr\u01b0\u1edfng trong s\u1eefa non gi\u00fap x\u00e2y d\u1ef1ng v\u00e0 ph\u1ee5c h\u1ed3i s\u1ee9c kh\u1ecfe t\u1ed5ng qu\u00e1t<\/li>\n<li>H\u01b0\u01a1ng v\u1ecb vani tuy\u1ec7t v\u1eddi<\/li>\n<\/ul>\n","protected":false},"featured_media":134,"comment_status":"open","ping_status":"closed","template":"","meta":[],"product_cat":[23],"product_tag":[40],"_links":{"self":[{"href":"http:\/\/nutrilife.com.vn\/index.php\/wp-json\/wp\/v2\/product\/133"}],"collection":[{"href":"http:\/\/nutrilife.com.vn\/index.php\/wp-json\/wp\/v2\/product"}],"about":[{"href":"http:\/\/nutrilife.com.vn\/index.php\/wp-json\/wp\/v2\/types\/product"}],"replies":[{"embeddable":true,"href":"http:\/\/nutrilife.com.vn\/index.php\/wp-json\/wp\/v2\/comments?post=133"}],"wp:featuredmedia":[{"embeddable":true,"href":"http:\/\/nutrilife.com.vn\/index.php\/wp-json\/wp\/v2\/media\/134"}],"wp:attachment":[{"href":"http:\/\/nutrilife.com.vn\/index.php\/wp-json\/wp\/v2\/media?parent=133"}],"wp:term":[{"taxonomy":"product_cat","embeddable":true,"href":"http:\/\/nutrilife.com.vn\/index.php\/wp-json\/wp\/v2\/product_cat?post=133"},{"taxonomy":"product_tag","embeddable":true,"href":"http:\/\/nutrilife.com.vn\/index.php\/wp-json\/wp\/v2\/product_tag?post=133"}],"curies":[{"name":"wp","href":"https:\/\/api.w.org\/{rel}","templated":true}]}}