{"id":211,"date":"2019-03-05T10:11:02","date_gmt":"2019-03-05T03:11:02","guid":{"rendered":"http:\/\/nutrilife.com.vn\/?post_type=product&#038;p=211"},"modified":"2023-11-16T17:12:20","modified_gmt":"2023-11-16T10:12:20","slug":"kem-danh-rang-keo-ong-mat-ong-manuka","status":"publish","type":"product","link":"http:\/\/nutrilife.com.vn\/index.php\/san-pham\/kem-danh-rang-keo-ong-mat-ong-manuka\/","title":{"rendered":"Kem \u0111\u00e1nh r\u0103ng keo ong &#038; m\u1eadt ong Manuka"},"content":{"rendered":"<p>Kem \u0111\u00e1nh r\u0103ng keo ong Natural Life &#x2122;\u00a0 l\u00e0 m\u1ed9t c\u00e1ch t\u1ef1 nhi\u00ean \u0111\u1ec3 c\u1ea3i thi\u1ec7n s\u1ee9c kh\u1ecfe r\u0103ng mi\u1ec7ng v\u00e0 ng\u0103n ng\u1eeba b\u1ec7nh n\u01b0\u1edbu r\u0103ng nh\u1edd ph\u00e1t huy t\u00e1c d\u1ee5ng kh\u00e1ng sinh m\u1ea1nh m\u1ebd c\u1ee7a Keo ong.<\/p>\n<p><strong>L\u1ee3i \u00edch s\u1ee9c kh\u1ecfe c\u1ee7a kem \u0111\u00e1nh r\u0103ng keo ong<\/strong><\/p>\n<ul>\n<li>C\u00e1c ch\u1ea5t kh\u00e1ng khu\u1ea9n c\u1ee7a Keo ong gi\u00fap \u1ee9c ch\u1ebf ho\u1ea1t \u0111\u1ed9ng c\u1ee7a vi khu\u1ea9n r\u0103ng mi\u1ec7ng g\u00e2y ra c\u00e1c v\u1ea5n \u0111\u1ec1 nh\u01b0 s\u00e2u r\u0103ng, vi\u00eam n\u01b0\u1edbu v\u00e0 h\u01a1i th\u1edf c\u00f3 m\u00f9i h\u00f4i<\/li>\n<li>Ch\u1ee9a canxi b\u1ed5 sung cho r\u0103ng ch\u1eafc kh\u1ecfe v\u00e0 s\u00e1ng b\u00f3ng h\u01a1n<\/li>\n<\/ul>\n<p><strong>Cam k\u1ebft v\u1ec1 ch\u1ea5t l\u01b0\u1ee3ng<\/strong><\/p>\n<ul>\n<li>Kh\u00f4ng ch\u1ee9a \u0111\u01b0\u1eddng<\/li>\n<li>Kh\u00f4ng ch\u1ee9a nh\u00f4m<\/li>\n<li>Kh\u00f4ng GMO<\/li>\n<li>Ho\u00e0n to\u00e0n t\u1ef1 nhi\u00ean, kh\u00f4ng c\u00f3 SLS v\u00e0 Paraben<\/li>\n<li>C\u00f3 ch\u1ee9a flo<\/li>\n<li>Ch\u1ee9ng nh\u1eadn GMP c\u1ee7a \u00dac<\/li>\n<\/ul>\n<p>&nbsp;<\/p>\n<p><img decoding=\"async\" loading=\"lazy\" class=\"alignnone size-medium wp-image-212\" src=\"http:\/\/nutrilife.com.vn\/wp-content\/uploads\/2019\/03\/UTB8LBVJoiDEXKJk43Oqq6Az3XXa8-1-300x77.jpg\" alt=\"\" width=\"300\" height=\"77\" srcset=\"http:\/\/nutrilife.com.vn\/wp-content\/uploads\/2019\/03\/UTB8LBVJoiDEXKJk43Oqq6Az3XXa8-1-300x77.jpg 300w, http:\/\/nutrilife.com.vn\/wp-content\/uploads\/2019\/03\/UTB8LBVJoiDEXKJk43Oqq6Az3XXa8-1-768x198.jpg 768w, http:\/\/nutrilife.com.vn\/wp-content\/uploads\/2019\/03\/UTB8LBVJoiDEXKJk43Oqq6Az3XXa8-1-600x155.jpg 600w, http:\/\/nutrilife.com.vn\/wp-content\/uploads\/2019\/03\/UTB8LBVJoiDEXKJk43Oqq6Az3XXa8-1.jpg 880w\" sizes=\"(max-width: 300px) 100vw, 300px\" \/><\/p>\n","protected":false},"excerpt":{"rendered":"<p>Ch\u0103m s\u00f3c s\u1ee9c kh\u1ecfe r\u0103ng mi\u1ec7ng v\u00e0 h\u01a1i th\u1edf th\u01a1m m\u00e1t m\u1ed7i ng\u00e0y<\/p>\n<p><strong>\u00a0Kem \u0111\u00e1nh r\u0103ng keo ong c\u00f3 th\u1ec3 c\u00f3 l\u1ee3i cho:<\/strong><\/p>\n<ul>\n<li>C\u1ea3i thi\u1ec7n v\u00e0 t\u0103ng c\u01b0\u1eddng ch\u1ee9c n\u0103ng mi\u1ec5n d\u1ecbch<\/li>\n<li>T\u0103ng c\u01b0\u1eddng ho\u1ea1t \u0111\u1ed9ng ch\u1ed1ng oxy h\u00f3a<\/li>\n<li>\u0110i\u1ec1u tr\u1ecb lo\u00e9t c\u1ed5 h\u1ecdng v\u00e0 mi\u1ec7ng<\/li>\n<\/ul>\n<p><strong>Kem \u0111\u00e1nh r\u0103ng<\/strong>\u00a0c\u00f3 ngu\u1ed3n\u00a0<strong>g\u1ed1c t\u1eeb Australia\u00ae Natural Life &#x2122;\u00a0<\/strong>\u00a0l\u00e0 m\u1ed9t l\u1ef1a ch\u1ecdn an to\u00e0n, nh\u1eb9 nh\u00e0ng v\u00e0 t\u1ef1 nhi\u00ean \u0111\u1ec3 l\u00e0m s\u1ea1ch r\u0103ng v\u00e0 duy tr\u00ec s\u1ee9c kh\u1ecfe r\u0103ng mi\u1ec7ng n\u00f3i chung c\u1ee7a gia \u0111\u00ecnh b\u1ea1n.<\/p>\n","protected":false},"featured_media":213,"comment_status":"open","ping_status":"closed","template":"","meta":[],"product_cat":[23],"product_tag":[39],"_links":{"self":[{"href":"http:\/\/nutrilife.com.vn\/index.php\/wp-json\/wp\/v2\/product\/211"}],"collection":[{"href":"http:\/\/nutrilife.com.vn\/index.php\/wp-json\/wp\/v2\/product"}],"about":[{"href":"http:\/\/nutrilife.com.vn\/index.php\/wp-json\/wp\/v2\/types\/product"}],"replies":[{"embeddable":true,"href":"http:\/\/nutrilife.com.vn\/index.php\/wp-json\/wp\/v2\/comments?post=211"}],"wp:featuredmedia":[{"embeddable":true,"href":"http:\/\/nutrilife.com.vn\/index.php\/wp-json\/wp\/v2\/media\/213"}],"wp:attachment":[{"href":"http:\/\/nutrilife.com.vn\/index.php\/wp-json\/wp\/v2\/media?parent=211"}],"wp:term":[{"taxonomy":"product_cat","embeddable":true,"href":"http:\/\/nutrilife.com.vn\/index.php\/wp-json\/wp\/v2\/product_cat?post=211"},{"taxonomy":"product_tag","embeddable":true,"href":"http:\/\/nutrilife.com.vn\/index.php\/wp-json\/wp\/v2\/product_tag?post=211"}],"curies":[{"name":"wp","href":"https:\/\/api.w.org\/{rel}","templated":true}]}}