{"id":328,"date":"2019-03-07T16:35:11","date_gmt":"2019-03-07T09:35:11","guid":{"rendered":"http:\/\/nutrilife.com.vn\/?page_id=328"},"modified":"2023-11-14T15:59:19","modified_gmt":"2023-11-14T08:59:19","slug":"kenh-phan-phoi","status":"publish","type":"page","link":"https:\/\/nutrilife.com.vn\/index.php\/kenh-phan-phoi\/","title":{"rendered":"K\u00eanh Ph\u00e2n Ph\u1ed1i"},"content":{"rendered":"\n<p><strong>K\u00eanh Si\u00eau Th<\/strong><strong>\u1ecb : <\/strong>L\u00e0 \u0111\u1ed1i t\u00e1c chi\u1ebfn l\u01b0\u1ee3c c\u1ee7a nhi\u1ec1u si\u00eau th\u1ecb l\u1edbn t\u1ea1i th\u1ecb tr\u01b0\u1eddng Vi\u1ec7t Nam nh\u01b0 Emart, Co.op, Winmart, B\u00e1ch H\u00f3a Xanh, Satra Food,&#8230;<\/p>\n\n\n\n<p><strong>C<\/strong><strong>\u1eeda H<\/strong><strong>\u00e0ng Ti<\/strong><strong>\u1ec7n L\u1ee3i, Mini mart : <\/strong>Family Mart, Circle K, GS 25, Seven Eleven,&#8230;<\/p>\n\n\n\n<p><strong>K\u00eanh Truy<\/strong><strong>\u1ec1n Th\u1ed1ng :<\/strong> C\u00e1c \u0111\u1ea1i l\u00fd l\u1edbn, c\u1eeda h\u00e0ng l\u1edbn t\u1ea1i c\u00e1c qu\u1eadn huy\u1ec7n, t\u1ec9nh th\u00e0nh tr\u00ean kh\u1eafp Vi\u1ec7t Nam<\/p>\n\n\n\n<p><strong>Th\u01b0\u01a1ng M<\/strong><strong>\u1ea1i \u0110i\u1ec7n T\u1eed <\/strong>: S\u1ea3n ph\u1ea9m \u0111\u00e3 c\u00f3 m\u1eb7t tr\u00ean Shopee, Tiktok shop, Lazada, Tiki, Grab mart,&#8230; <\/p>\n\n\n\n<p><strong>Chu\u1ed7i Nh\u00e0 Thu\u1ed1c<\/strong> : Pharmacity <\/p>\n\n\n\n<figure class=\"wp-block-image\"><img decoding=\"async\" loading=\"lazy\" width=\"1024\" height=\"345\" src=\"https:\/\/nutrilife.com.vn\/wp-content\/uploads\/2019\/03\/Front_Dairy_banner-1024x345.jpg\" alt=\"\" class=\"wp-image-332\" srcset=\"https:\/\/nutrilife.com.vn\/wp-content\/uploads\/2019\/03\/Front_Dairy_banner-1024x345.jpg 1024w, https:\/\/nutrilife.com.vn\/wp-content\/uploads\/2019\/03\/Front_Dairy_banner-300x101.jpg 300w, https:\/\/nutrilife.com.vn\/wp-content\/uploads\/2019\/03\/Front_Dairy_banner-768x259.jpg 768w, https:\/\/nutrilife.com.vn\/wp-content\/uploads\/2019\/03\/Front_Dairy_banner-600x202.jpg 600w, https:\/\/nutrilife.com.vn\/wp-content\/uploads\/2019\/03\/Front_Dairy_banner.jpg 1660w\" sizes=\"(max-width: 1024px) 100vw, 1024px\" \/><\/figure>\n","protected":false},"excerpt":{"rendered":"<p>K\u00eanh Si\u00eau Th\u1ecb : L\u00e0 \u0111\u1ed1i t\u00e1c chi\u1ebfn l\u01b0\u1ee3c c\u1ee7a nhi\u1ec1u si\u00eau th\u1ecb l\u1edbn t\u1ea1i th\u1ecb tr\u01b0\u1eddng Vi\u1ec7t Nam nh\u01b0 Emart, Co.op, Winmart, B\u00e1ch H\u00f3a Xanh, Satra Food,&#8230; C\u1eeda H\u00e0ng Ti\u1ec7n L\u1ee3i, Mini mart : Family Mart, Circle K, GS 25, Seven Eleven,&#8230; K\u00eanh Truy\u1ec1n Th\u1ed1ng : C\u00e1c \u0111\u1ea1i l\u00fd l\u1edbn, c\u1eeda h\u00e0ng l\u1edbn t\u1ea1i c\u00e1c qu\u1eadn huy\u1ec7n, t\u1ec9nh th\u00e0nh tr\u00ean kh\u1eafp Vi\u1ec7t Nam Th\u01b0\u01a1ng M\u1ea1i \u0110i\u1ec7n T\u1eed : S\u1ea3n ph\u1ea9m \u0111\u00e3 c\u00f3 m\u1eb7t tr\u00ean Shopee, Tiktok shop, Lazada, Tiki, Grab mart,&#8230; Chu\u1ed7i Nh\u00e0 Thu\u1ed1c : Pharmacity<\/p>\n","protected":false},"author":1,"featured_media":0,"parent":0,"menu_order":0,"comment_status":"closed","ping_status":"closed","template":"","meta":[],"_links":{"self":[{"href":"https:\/\/nutrilife.com.vn\/index.php\/wp-json\/wp\/v2\/pages\/328"}],"collection":[{"href":"https:\/\/nutrilife.com.vn\/index.php\/wp-json\/wp\/v2\/pages"}],"about":[{"href":"https:\/\/nutrilife.com.vn\/index.php\/wp-json\/wp\/v2\/types\/page"}],"author":[{"embeddable":true,"href":"https:\/\/nutrilife.com.vn\/index.php\/wp-json\/wp\/v2\/users\/1"}],"replies":[{"embeddable":true,"href":"https:\/\/nutrilife.com.vn\/index.php\/wp-json\/wp\/v2\/comments?post=328"}],"version-history":[{"count":4,"href":"https:\/\/nutrilife.com.vn\/index.php\/wp-json\/wp\/v2\/pages\/328\/revisions"}],"predecessor-version":[{"id":504,"href":"https:\/\/nutrilife.com.vn\/index.php\/wp-json\/wp\/v2\/pages\/328\/revisions\/504"}],"wp:attachment":[{"href":"https:\/\/nutrilife.com.vn\/index.php\/wp-json\/wp\/v2\/media?parent=328"}],"curies":[{"name":"wp","href":"https:\/\/api.w.org\/{rel}","templated":true}]}}