{"id":368,"date":"2023-05-19T16:28:31","date_gmt":"2023-05-19T09:28:31","guid":{"rendered":"http:\/\/nutrilife.com.vn\/?post_type=product&#038;p=368"},"modified":"2023-11-14T10:32:49","modified_gmt":"2023-11-14T03:32:49","slug":"yen-mach-chile-just-oats-nguyen-cam-nguyen-hat-454g","status":"publish","type":"product","link":"https:\/\/nutrilife.com.vn\/index.php\/san-pham\/yen-mach-chile-just-oats-nguyen-cam-nguyen-hat-454g\/","title":{"rendered":"Y\u1ebfn m\u1ea1ch Chile Just Oats &#8211; nguy\u00ean c\u00e1m nguy\u00ean h\u1ea1t 454g"},"content":{"rendered":"<p><strong>Y\u1ebeN M\u1ea0CH L\u00c0 G\u00cc?<\/strong><\/p>\n<ul>\n<li>Y\u1ebfn m\u1ea1ch l\u00e0 m\u1ed9t lo\u1ea1i\u00a0<a href=\"https:\/\/hellobacsi.com\/song-khoe\/dinh-duong\/loi-khuyen-mua-ngu-coc-nguyen-hat\/\">ng\u0169 c\u1ed1c nguy\u00ean h\u1ea1t\u00a0<\/a>\u0111\u01b0\u1ee3c tr\u1ed3ng \u1edf nh\u1eefng n\u01a1i c\u00f3 kh\u00ed h\u1eadu \u00f4n \u0111\u1edbi v\u00e0 l\u1ea1nh, n\u1ed5i ti\u1ebfng nh\u01b0 Nam M\u1ef9, B\u1eafc M\u1ef9, Ch\u00e2u \u00c2u, \u00dac\u2026<\/li>\n<li>\u0110\u00e2y l\u00e0 m\u1ed9t ngu\u1ed3n cung c\u1ea5p ch\u1ea5t x\u01a1 t\u1ed1t, \u0111\u1eb7c bi\u1ec7t l\u00e0 beta glucan v\u00e0 r\u1ea5t gi\u00e0u c\u00e1c vitamin, kho\u00e1ng ch\u1ea5t v\u00e0 ch\u1ea5t ch\u1ed1ng oxy h\u00f3a.<\/li>\n<li>Y\u1ebfn m\u1ea1ch c\u0169ng ch\u1ee9a nhi\u1ec1u protein v\u00e0 ch\u1ea5t b\u00e9o h\u01a1n nhi\u1ec1u lo\u1ea1i ng\u0169 c\u1ed1c kh\u00e1c n\u00ean c\u00f2n \u0111\u01b0\u1ee3c m\u1ec7nh danh l\u00e0 \u201cN\u1eef ho\u00e0ng c\u1ee7a c\u00e1c lo\u1ea1i ng\u0169 c\u1ed1c\u201d.<\/li>\n<\/ul>\n<div>\n<p>&nbsp;<\/p>\n<\/div>\n<p><strong>T\u1ea0I SAO B\u1ea0N N\u00caN CH\u1eccN JUST OATS?<\/strong><\/p>\n<ul>\n<li>Just Oats c\u1ee7a ch\u00fang t\u00f4i c\u00f3 xu\u1ea5t x\u1ee9 t\u1eeb Chile nh\u1edd v\u1eady m\u00e0 Just Oats c\u00f3 th\u1ec3 t\u1eadn h\u01b0\u1edfng kh\u00ed h\u1eadu t\u1ed1t nh\u1ea5t \u0111\u1ec3 ph\u00e1t tri\u1ec3n th\u00e0nh lo\u1ea1i y\u1ebfn m\u1ea1ch tuy\u1ec7t v\u1eddi. Ngo\u00e0i ra, Just Oats c\u00f2n c\u00f3 ngu\u1ed3n g\u1ed1c tr\u1ef1c ti\u1ebfp t\u1eeb n\u00f4ng tr\u1ea1i, kh\u00f4ng qua thu mua hay c\u00f3 s\u1ef1 tr\u1ed9n l\u1eabn n\u00e0o t\u1eeb nh\u1eefng lo\u1ea1i y\u1ebfn m\u1ea1ch c\u00f3 xu\u1ea5t x\u1ee9 kh\u00f4ng r\u00f5 ngu\u1ed3n g\u1ed1c kh\u00e1c.<\/li>\n<li>Y\u1ebfn m\u1ea1ch th\u01a1m, ngon, b\u00e9o ng\u1eady v\u00e0 \u0111\u1ea7y l\u00f2ng y\u00eau th\u01b0\u01a1ng t\u1eeb nh\u1eefng ng\u01b0\u1eddi nu\u00f4i tr\u1ed3ng ch\u00fang \u0111\u1ebfn v\u1edbi b\u00e0n \u0103n c\u1ee7a b\u1ea1n m\u1ed9t c\u00e1ch tr\u1ef1c ti\u1ebfp \u0111\u1ec3 gi\u1eef nguy\u00ean \u0111\u01b0\u1ee3c \u0111\u1ed9 t\u01b0\u01a1i v\u00e0 dinh d\u01b0\u1ee1ng v\u1ed1n c\u00f3 trong n\u00f3.<\/li>\n<\/ul>\n<p>&nbsp;<\/p>\n<p><strong>Y\u1ebfn m\u1ea1ch\u00a0Nguy\u00ean C\u00e1m (Just Oats \u2013 Groats):<\/strong>\u00a0l\u00e0 s\u1ea3n ph\u1ea9m \u0111\u01b0\u1ee3c xem l\u00e0 nguy\u00ean s\u01a1 nh\u1ea5t c\u1ee7a y\u1ebfn m\u1ea1ch. Ch\u01b0a qua b\u1ea5t k\u1ef3 giai \u0111o\u1ea1n ch\u1ebf bi\u1ebfn n\u00e0o. Lo\u1ea1i n\u00e0y \u0103n s\u1ebd gi\u1ed1ng nh\u01b0 g\u1ea1o nh\u01b0ng h\u00e0m l\u01b0\u1ee3ng ch\u1ea5t dinh d\u01b0\u1ee1ng cao v\u00e0 t\u1ed1t h\u01a1n.<\/p>\n<p><img decoding=\"async\" src=\"https:\/\/file.hstatic.net\/200000432707\/file\/s-600x600_aaf213ef98704116bf455cc497bdb80d_grande.jpg\" \/><\/p>\n<p>&nbsp;<\/p>\n<p><strong>T\u00c1C D\u1ee4NG C\u1ee6A Y\u1ebeN M\u1ea0CH<\/strong><\/p>\n<ul>\n<li><strong>Gi\u00e0u ch\u1ea5t ch\u1ed1ng oxy h\u00f3a<\/strong>: l\u00e0 ngu\u1ed3n cung c\u1ea5p nhi\u1ec1u h\u1ee3p ch\u1ea5t th\u1ec3 hi\u1ec7n ho\u1ea1t \u0111\u1ed9ng ch\u1ed1ng oxy h\u00f3a. Vitamin E, axit phytic, h\u1ee3p ch\u1ea5t phenolic v\u00e0 avenanthramides l\u00e0 nh\u1eefng ch\u1ea5t ch\u1ed1ng oxy h\u00f3a c\u00f3 nhi\u1ec1u nh\u1ea5t trong y\u1ebfn m\u1ea1ch, v\u00e0 flavonoid v\u00e0 sterol c\u0169ng c\u00f3 m\u1eb7t. C\u00e1c ch\u1ea5t ch\u1ed1ng oxy h\u00f3a n\u00e0y t\u1eadp trung \u1edf c\u00e1c l\u1edbp b\u00ean ngo\u00e0i c\u1ee7a h\u1ea1t nh\u00e2n.<\/li>\n<li><strong>H\u1ed7 tr\u1ee3 ti\u00eau h\u00f3a<\/strong>: H\u1ea7u h\u1ebft c\u00e1c chuy\u00ean gia khuy\u00ean b\u1ea1n n\u00ean \u0103n \u00edt nh\u1ea5t 25 \u0111\u1ebfn 30 gram ch\u1ea5t x\u01a1 m\u1ed7i ng\u00e0y t\u1eeb ng\u0169 c\u1ed1c, tr\u00e1i c\u00e2y v\u00e0 rau qu\u1ea3 \u0111\u1ec3 gi\u00fap h\u1ed7 tr\u1ee3 h\u1ec7 ti\u00eau h\u00f3a kh\u1ecfe m\u1ea1nh. V\u00e0 m\u1ed9t kh\u1ea9u ph\u1ea7n y\u1ebfn m\u1ea1ch cung c\u1ea5p 4 trong s\u1ed1 nh\u1eefng gram \u0111\u00f3.<\/li>\n<li><strong>T\u1ed1t cho tim m\u1ea1ch<\/strong>:\u00a0 \u0110\u00e3 h\u01a1n m\u1ed9t th\u1eadp k\u1ef7 k\u1ec3 t\u1eeb khi FDA ch\u1ea5p thu\u1eadn y\u00eau c\u1ea7u b\u1ed3i th\u01b0\u1eddng s\u1ee9c kh\u1ecfe tim m\u1ea1ch cho c\u00e1c b\u1ec7nh nh\u00e2n d\u00f9ng y\u1ebfn m\u1ea1ch v\u00e0 c\u00e1c th\u1ef1c ph\u1ea9m l\u00e0m t\u1eeb y\u1ebfn m\u1ea1ch, nh\u01b0 c\u00e1m y\u1ebfn m\u1ea1ch v\u00e0 b\u1ed9t y\u1ebfn m\u1ea1ch. C\u00e1c s\u1ea3n ph\u1ea9m n\u00e0y \u0111\u01b0\u1ee3c ph\u00e9p ghi nh\u00e3n ch\u1ea5t x\u01a1 h\u00f2a tan t\u1eeb to\u00e0n b\u1ed9 y\u1ebfn m\u1ea1ch, l\u00e0 m\u1ed9t ph\u1ea7n c\u1ee7a ch\u1ebf \u0111\u1ed9 \u0103n \u00edt ch\u1ea5t b\u00e9o b\u00e3o h\u00f2a v\u00e0 cholesterol, c\u00f3 th\u1ec3 l\u00e0m gi\u1ea3m nguy c\u01a1 m\u1eafc b\u1ec7nh tim.<\/li>\n<li><strong>L\u00fd t\u01b0\u1edfng cho b\u1ec7nh nh\u00e2n ti\u1ec3u \u0111\u01b0\u1eddng<\/strong>: th\u00eam ba ho\u1eb7c nhi\u1ec1u gram beta glucan t\u1eeb y\u1ebfn m\u1ea1ch v\u00e0o ch\u1ebf \u0111\u1ed9 \u0103n u\u1ed1ng gi\u00fap gi\u1ea3m m\u1ee9c cholesterol x\u1ea5u trong khi v\u1eabn gi\u1eef m\u1ee9c cholesterol t\u1ed1t nh\u01b0 c\u0169<\/li>\n<\/ul>\n<p>&nbsp;<\/p>\n<p>Y\u1ebfn m\u1ea1ch Chile Just Oats\u00a0&#8211; nh\u00e3n hi\u1ec7n Green Food. Nh\u1eadp kh\u1ea9u tr\u1ef1c ti\u1ebfp t\u1eeb Chile.<\/p>\n<p><strong>Ch\u1ecbu tr\u00e1ch nhi\u1ec7m nh\u1eadp kh\u1ea9u v\u00e0 ph\u00e2n ph\u1ed1i b\u1edfi C\u00f4ng ty TNHH Ngu\u1ed3n S\u1ed1ng Thi\u00ean Nhi\u00ean \u2013 Natural Life Sources\u00a0CO.,LTD<\/strong><\/p>\n","protected":false},"excerpt":{"rendered":"<p><strong>Y\u1ebfn m\u1ea1ch\u00a0Nguy\u00ean C\u00e1m (Just Oats \u2013 Groats):<\/strong>\u00a0l\u00e0 s\u1ea3n ph\u1ea9m \u0111\u01b0\u1ee3c xem l\u00e0 nguy\u00ean s\u01a1 nh\u1ea5t c\u1ee7a y\u1ebfn m\u1ea1ch. Ch\u01b0a qua b\u1ea5t k\u1ef3 giai \u0111o\u1ea1n ch\u1ebf bi\u1ebfn n\u00e0o. Lo\u1ea1i n\u00e0y \u0103n s\u1ebd gi\u1ed1ng nh\u01b0 g\u1ea1o nh\u01b0ng h\u00e0m l\u01b0\u1ee3ng ch\u1ea5t dinh d\u01b0\u1ee1ng cao v\u00e0 t\u1ed1t h\u01a1n.<\/p>\n","protected":false},"featured_media":385,"comment_status":"open","ping_status":"closed","template":"","meta":[],"product_cat":[54],"product_tag":[],"_links":{"self":[{"href":"https:\/\/nutrilife.com.vn\/index.php\/wp-json\/wp\/v2\/product\/368"}],"collection":[{"href":"https:\/\/nutrilife.com.vn\/index.php\/wp-json\/wp\/v2\/product"}],"about":[{"href":"https:\/\/nutrilife.com.vn\/index.php\/wp-json\/wp\/v2\/types\/product"}],"replies":[{"embeddable":true,"href":"https:\/\/nutrilife.com.vn\/index.php\/wp-json\/wp\/v2\/comments?post=368"}],"wp:featuredmedia":[{"embeddable":true,"href":"https:\/\/nutrilife.com.vn\/index.php\/wp-json\/wp\/v2\/media\/385"}],"wp:attachment":[{"href":"https:\/\/nutrilife.com.vn\/index.php\/wp-json\/wp\/v2\/media?parent=368"}],"wp:term":[{"taxonomy":"product_cat","embeddable":true,"href":"https:\/\/nutrilife.com.vn\/index.php\/wp-json\/wp\/v2\/product_cat?post=368"},{"taxonomy":"product_tag","embeddable":true,"href":"https:\/\/nutrilife.com.vn\/index.php\/wp-json\/wp\/v2\/product_tag?post=368"}],"curies":[{"name":"wp","href":"https:\/\/api.w.org\/{rel}","templated":true}]}}