{"id":405,"date":"2023-11-14T11:42:24","date_gmt":"2023-11-14T04:42:24","guid":{"rendered":"http:\/\/nutrilife.com.vn\/?post_type=product&#038;p=405"},"modified":"2023-11-14T11:43:09","modified_gmt":"2023-11-14T04:43:09","slug":"yen-mach-chile-just-oats-nguyen-cam-nguyen-hat-907g","status":"publish","type":"product","link":"https:\/\/nutrilife.com.vn\/index.php\/san-pham\/yen-mach-chile-just-oats-nguyen-cam-nguyen-hat-907g\/","title":{"rendered":"Y\u1ebfn m\u1ea1ch Chile Just Oats &#8211; nguy\u00ean c\u00e1m nguy\u00ean h\u1ea1t 907g"},"content":{"rendered":"","protected":false},"excerpt":{"rendered":"","protected":false},"featured_media":406,"comment_status":"open","ping_status":"closed","template":"","meta":[],"product_cat":[54],"product_tag":[],"_links":{"self":[{"href":"https:\/\/nutrilife.com.vn\/index.php\/wp-json\/wp\/v2\/product\/405"}],"collection":[{"href":"https:\/\/nutrilife.com.vn\/index.php\/wp-json\/wp\/v2\/product"}],"about":[{"href":"https:\/\/nutrilife.com.vn\/index.php\/wp-json\/wp\/v2\/types\/product"}],"replies":[{"embeddable":true,"href":"https:\/\/nutrilife.com.vn\/index.php\/wp-json\/wp\/v2\/comments?post=405"}],"wp:featuredmedia":[{"embeddable":true,"href":"https:\/\/nutrilife.com.vn\/index.php\/wp-json\/wp\/v2\/media\/406"}],"wp:attachment":[{"href":"https:\/\/nutrilife.com.vn\/index.php\/wp-json\/wp\/v2\/media?parent=405"}],"wp:term":[{"taxonomy":"product_cat","embeddable":true,"href":"https:\/\/nutrilife.com.vn\/index.php\/wp-json\/wp\/v2\/product_cat?post=405"},{"taxonomy":"product_tag","embeddable":true,"href":"https:\/\/nutrilife.com.vn\/index.php\/wp-json\/wp\/v2\/product_tag?post=405"}],"curies":[{"name":"wp","href":"https:\/\/api.w.org\/{rel}","templated":true}]}}