{"id":799,"date":"2024-06-10T17:05:59","date_gmt":"2024-06-10T10:05:59","guid":{"rendered":"https:\/\/nutrilife.com.vn\/?post_type=product&#038;p=799"},"modified":"2024-06-10T17:13:57","modified_gmt":"2024-06-10T10:13:57","slug":"hop-1l-sua-tuoi-tach-beo-mot-phan-asturiana-tu-tay-ban-nha","status":"publish","type":"product","link":"https:\/\/nutrilife.com.vn\/index.php\/san-pham\/hop-1l-sua-tuoi-tach-beo-mot-phan-asturiana-tu-tay-ban-nha\/","title":{"rendered":"H\u1ed9p 1L &#8211; S\u1eefa t\u01b0\u01a1i t\u00e1ch b\u00e9o m\u1ed9t ph\u1ea7n Asturiana t\u1eeb T\u00e2y Ban Nha"},"content":{"rendered":"<h1><strong>S\u1eefa t\u01b0\u01a1i Ti\u1ec7t tr\u00f9ng T\u00e1ch b\u00e9o m\u1ed9t ph\u1ea7n\u00a0Asturiana\u00a0<\/strong><\/h1>\n<ul>\n<li><strong>Xu\u1ea5t x\u1ee9:<\/strong>\u00a0T\u00e2y Ban Nha<\/li>\n<li><strong>S\u1eefa t\u01b0\u01a1i\u00a0ti\u1ec7t tr\u00f9ng, kh\u00f4ng th\u00eam \u0111\u01b0\u1eddng<\/strong><\/li>\n<li><strong>H\u00e0m l\u01b0\u1ee3ng ch\u1ea5t b\u00e9o \u00edt 1,5%<\/strong><\/li>\n<li><strong>L\u00e0\u00a0th\u01b0\u01a1ng hi\u1ec7u s\u1eefa h\u00e0ng \u0111\u1ea7u T\u00e2y Ban Nha trong h\u01a1n n\u1eeda th\u1ebf k\u1ef7 qua<\/strong><\/li>\n<li><strong>Quy c\u00e1ch \u0111\u00f3ng g\u00f3i: Th\u00f9ng 6 h\u1ed9p x 1L<\/strong><\/li>\n<li><strong>B\u1ea3o qu\u1ea3n:<\/strong>\u00a0B\u1ea3o qu\u1ea3n trong \u0111i\u1ec1u ki\u1ec7n kh\u00f4 r\u00e1o, tr\u00e1nh \u00e1nh n\u1eafng m\u1eb7t tr\u1eddi. B\u1ea3o qu\u1ea3n trong t\u1ee7 l\u1ea1nh sau khi m\u1edf n\u1eafp.<\/li>\n<\/ul>\n<p>&nbsp;<\/p>\n<h2><strong>L\u1ecaCH S\u1eec H\u00ccNH TH\u00c0NH C\u1ee6A S\u1eeeA T\u01af\u01a0I ASTURIANA<\/strong><\/h2>\n<ul>\n<li>Central Lechera Asturiana l\u00e0 t\u1eadp h\u1ee3p h\u1ee3p t\u00e1c x\u00e3 s\u1eefa l\u1edbn nh\u1ea5t \u1edf T\u00e2y Ban Nha k\u1ec3 t\u1eeb n\u0103m 1969. V\u1edbi h\u01a1n 7.000 gia \u0111\u00ecnh ch\u0103n nu\u00f4i b\u00f2 s\u1eefa.<\/li>\n<li>M\u1ed7i n\u0103m, Central Lechera Asturiana s\u1ea3n xu\u1ea5t kho\u1ea3ng 900 tri\u1ec7u l\u00edt s\u1eefa. \u0110\u00e2y l\u00e0 m\u1ed9t th\u00e0nh t\u1ef1u tuy\u1ec7t v\u1eddi trong vi\u1ec7c cung c\u1ea5p th\u1ef1c ph\u1ea9m v\u00e0 lu\u00f4n h\u01b0\u1edbng t\u1edbi vi\u1ec7c cung c\u1ea5p c\u00e1c s\u1ea3n ph\u1ea9m s\u1eefa ch\u1ea5t l\u01b0\u1ee3ng cao, gi\u1eef g\u00ecn b\u1ea3n ch\u1ea5t v\u1edbi h\u01b0\u01a1ng v\u1ecb v\u01b0\u1ee3t tr\u1ed9i.<\/li>\n<\/ul>\n<h2><strong>\u0110I\u1ec2M \u0110\u1eb6C BI\u1ec6T C\u1ee6A S\u1eeeA T\u01af\u01a0I TI\u1ec6T TR\u00d9NG T\u00c1CH B\u00c9O M\u1ed8T PH\u1ea6N\u00a0ASTURIANA<\/strong><\/h2>\n<ul>\n<li>Asturiana \u0111i \u0111\u1ea7u trong chi\u1ebfn l\u01b0\u1ee3c gi\u1ea3m l\u01b0\u1ee3ng \u0111\u01b0\u1eddng, cung c\u1ea5p s\u1ea3n ph\u1ea9m s\u1eefa tr\u00ean quy tr\u00ecnh ho\u00e0n to\u00e0n t\u1ef1 nhi\u00ean. \u0110\u1eb7t vi\u1ec7c gi\u1eef \u0111\u1ed9 t\u01b0\u01a1i ngon c\u1ee7a s\u1eefa l\u00ean h\u00e0ng \u0111\u1ea7u, mang \u0111\u1ebfn d\u00f2ng s\u1eefa t\u01b0\u01a1i nguy\u00ean kem th\u01a1m ngon \u0111\u1ea3m b\u1ea3o ch\u1ea5t l\u01b0\u1ee3ng v\u00e0 gi\u00e1 tr\u1ecb dinh d\u01b0\u1ee1ng.<\/li>\n<li>V\u1edbi h\u01a1n 7.000 gia \u0111\u00ecnh ch\u0103n nu\u00f4i b\u00f2 s\u1eefa, \u0111\u00e2y l\u00e0 v\u01b0\u01a1ng qu\u1ed1c c\u00f3 \u0111\u01b0\u1ee3c ngu\u1ed3n cung c\u1ea5p s\u1eefa d\u1ed3i d\u00e0o v\u00e0 \u0111\u1ea3m b\u1ea3o ch\u1ea5t l\u01b0\u1ee3ng, h\u01b0\u01a1ng v\u1ecb s\u1eefa nguy\u00ean b\u1ea3n nh\u1ea5t.<\/li>\n<li>Nh\u1edd \u0111\u00f3, s\u1eefa t\u01b0\u01a1i Asturiana nh\u1eadn \u0111\u01b0\u1ee3c tin d\u00f9ng \u1edf c\u00e1c gia \u0111\u00ecnh \u1edf V\u01b0\u01a1ng qu\u1ed1c T\u00e2y Ban Nha v\u00e0 c\u1ea3 nh\u1eefng kh\u00e1ch h\u00e0ng kh\u00f3 t\u00ednh tr\u00ean to\u00e0n th\u1ebf gi\u1edbi trong h\u01a1n 54 n\u0103m qua.<\/li>\n<\/ul>\n<p><strong>H\u01b0\u1edbng d\u1eabn s\u1eed d\u1ee5ng<\/strong><\/p>\n<ul>\n<li>U\u1ed1ng tr\u1ef1c ti\u1ebfp<\/li>\n<li>S\u1eed d\u1ee5ng l\u00e0m nguy\u00ean li\u1ec7u cho c\u00e1c m\u00f3n b\u00e1nh, m\u00f3n kem, sinh t\u1ed1,&#8230;<\/li>\n<li>S\u1eefa ti\u1ec7t tr\u00f9ng t\u00e1ch b\u00e9o m\u1ed9t ph\u1ea7n ch\u1ec9 c\u00f3 \u0111\u1ed9 b\u00e9o 1,5% ph\u00f9 h\u1ee3p \u0103n ki\u00eang, kh\u00f4ng g\u00e2y t\u0103ng c\u00e2n.<\/li>\n<li>L\u1eafc \u0111\u1ec1u tr\u01b0\u1edbc khi s\u1eed d\u1ee5ng. B\u1ea3o qu\u1ea3n trong t\u1ee7 l\u1ea1nh v\u00e0 s\u1eed d\u1ee5ng h\u1ebft sau 3 &#8211; 4 ng\u00e0y m\u1edf n\u1eafp.<\/li>\n<\/ul>\n","protected":false},"excerpt":{"rendered":"<p>S\u1eefa t\u01b0\u01a1i Ti\u1ec7t tr\u00f9ng T\u00e1ch b\u00e9o m\u1ed9t ph\u1ea7n\u00a0Asturiana\u00a0 Xu\u1ea5t x\u1ee9:\u00a0T\u00e2y Ban Nha S\u1eefa t\u01b0\u01a1i\u00a0ti\u1ec7t tr\u00f9ng, kh\u00f4ng th\u00eam \u0111\u01b0\u1eddng H\u00e0m l\u01b0\u1ee3ng ch\u1ea5t b\u00e9o \u00edt 1,5% L\u00e0\u00a0th\u01b0\u01a1ng hi\u1ec7u s\u1eefa h\u00e0ng \u0111\u1ea7u T\u00e2y Ban Nha trong h\u01a1n n\u1eeda th\u1ebf k\u1ef7 qua Quy c\u00e1ch \u0111\u00f3ng g\u00f3i: Th\u00f9ng 6 h\u1ed9p x 1L B\u1ea3o qu\u1ea3n:\u00a0B\u1ea3o qu\u1ea3n trong \u0111i\u1ec1u ki\u1ec7n kh\u00f4 r\u00e1o, tr\u00e1nh \u00e1nh n\u1eafng m\u1eb7t tr\u1eddi. B\u1ea3o qu\u1ea3n trong t\u1ee7 l\u1ea1nh sau khi m\u1edf n\u1eafp. &nbsp; L\u1ecaCH S\u1eec H\u00ccNH TH\u00c0NH C\u1ee6A S\u1eeeA T\u01af\u01a0I ASTURIANA Central Lechera Asturiana l\u00e0 t\u1eadp h\u1ee3p h\u1ee3p t\u00e1c x\u00e3 s\u1eefa l\u1edbn nh\u1ea5t \u1edf T\u00e2y Ban Nha k\u1ec3 t\u1eeb n\u0103m 1969. V\u1edbi h\u01a1n <\/p>\n","protected":false},"featured_media":800,"comment_status":"open","ping_status":"closed","template":"","meta":[],"product_cat":[58],"product_tag":[],"_links":{"self":[{"href":"https:\/\/nutrilife.com.vn\/index.php\/wp-json\/wp\/v2\/product\/799"}],"collection":[{"href":"https:\/\/nutrilife.com.vn\/index.php\/wp-json\/wp\/v2\/product"}],"about":[{"href":"https:\/\/nutrilife.com.vn\/index.php\/wp-json\/wp\/v2\/types\/product"}],"replies":[{"embeddable":true,"href":"https:\/\/nutrilife.com.vn\/index.php\/wp-json\/wp\/v2\/comments?post=799"}],"wp:featuredmedia":[{"embeddable":true,"href":"https:\/\/nutrilife.com.vn\/index.php\/wp-json\/wp\/v2\/media\/800"}],"wp:attachment":[{"href":"https:\/\/nutrilife.com.vn\/index.php\/wp-json\/wp\/v2\/media?parent=799"}],"wp:term":[{"taxonomy":"product_cat","embeddable":true,"href":"https:\/\/nutrilife.com.vn\/index.php\/wp-json\/wp\/v2\/product_cat?post=799"},{"taxonomy":"product_tag","embeddable":true,"href":"https:\/\/nutrilife.com.vn\/index.php\/wp-json\/wp\/v2\/product_tag?post=799"}],"curies":[{"name":"wp","href":"https:\/\/api.w.org\/{rel}","templated":true}]}}